{"id":4548,"date":"2020-05-23T15:09:23","date_gmt":"2020-05-23T13:09:23","guid":{"rendered":"https:\/\/sangiovannidecollato.it\/?page_id=4548"},"modified":"2024-01-20T11:23:37","modified_gmt":"2024-01-20T10:23:37","slug":"contatti","status":"publish","type":"page","link":"https:\/\/sangiovannidecollato.it\/index.php\/contatti\/","title":{"rendered":"Contatti"},"content":{"rendered":"<div id=\"pl-gb4548-69f3d893edf5b\"  class=\"panel-layout\" ><div id=\"pg-gb4548-69f3d893edf5b-0\"  class=\"panel-grid panel-has-style\" ><div class=\"siteorigin-panels-stretch panel-row-style panel-row-style-for-gb4548-69f3d893edf5b-0\" data-stretch-type=\"full-width-stretch\" ><div id=\"pgc-gb4548-69f3d893edf5b-0-0\"  class=\"panel-grid-cell\" ><div id=\"panel-gb4548-69f3d893edf5b-0-0-0\" class=\"so-panel widget widget_sow-hero panel-first-child panel-last-child\" data-index=\"0\" ><div\n\t\t\t\n\t\t\tclass=\"so-widget-sow-hero so-widget-sow-hero-default-2848c332724b-4548 so-widget-fittext-wrapper\"\n\t\t\t data-fit-text-compressor=\"0.75\"\n\t\t>\t\t\t\t<div class=\"sow-slider-base\" style=\"display: none\" tabindex=\"0\">\n\t\t\t\t\t<ul\n\t\t\t\t\tclass=\"sow-slider-images\"\n\t\t\t\t\tdata-settings=\"{&quot;pagination&quot;:true,&quot;speed&quot;:800,&quot;timeout&quot;:8000,&quot;paused&quot;:false,&quot;pause_on_hover&quot;:false,&quot;swipe&quot;:false,&quot;nav_always_show_desktop&quot;:&quot;&quot;,&quot;nav_always_show_mobile&quot;:&quot;&quot;,&quot;breakpoint&quot;:&quot;780px&quot;,&quot;unmute&quot;:false,&quot;anchor&quot;:null}\"\n\t\t\t\t\tstyle=\"min-height: 500px\"\t\t\t\t\tdata-anchor-id=\"\"\n\t\t\t\t>\t\t<li class=\"sow-slider-image  sow-slider-image-cover\" style=\"visibility: visible;;background-color: #000000\" >\n\t\t\t\t\t<div class=\"sow-slider-image-container\">\n\t\t\t<div class=\"sow-slider-image-wrapper\">\n\t\t\t\t<h2 style=\"text-align: center\">SAN GIOVANNI DECOLLATO<\/h2>\n<h2 style=\"text-align: center\">SVETI IVAN<\/h2>\n<p style=\"text-align: center\">Benvenuti nel sito della nostra parrocchia! Dobrodo\u0161li na spletni strani na\u0161a \u017eupnije!<\/p>\n<div class=\"sow-hero-buttons\" style=\"text-align: center\"><\/div>\n\t\t\t<\/div>\n\t\t<\/div>\n\t\t<div class=\"sow-slider-image-overlay sow-slider-image-cover\" style=\"opacity: 0.35;background-image: url(https:\/\/sangiovannidecollato.it\/wp-content\/uploads\/2020\/05\/IMG_20200520_195438-scaled.jpg)\"  ><\/div>\t\t<\/li>\n\t\t<\/ul>\t\t\t\t<ol class=\"sow-slider-pagination\">\n\t\t\t\t\t\t\t\t\t\t\t<li><a href=\"#\" data-goto=\"0\" aria-label=\"Display slide 1\"><\/a><\/li>\n\t\t\t\t\t\t\t\t\t<\/ol>\n\n\t\t\t\t<div class=\"sow-slide-nav sow-slide-nav-next\">\n\t\t\t\t\t<a href=\"#\" data-goto=\"next\" aria-label=\"Next slide\" data-action=\"next\">\n\t\t\t\t\t\t<em class=\"sow-sld-icon-thin-right\"><\/em>\n\t\t\t\t\t<\/a>\n\t\t\t\t<\/div>\n\n\t\t\t\t<div class=\"sow-slide-nav sow-slide-nav-prev\">\n\t\t\t\t\t<a href=\"#\" data-goto=\"previous\" aria-label=\"Previous slide\" data-action=\"prev\">\n\t\t\t\t\t\t<em class=\"sow-sld-icon-thin-left\"><\/em>\n\t\t\t\t\t<\/a>\n\t\t\t\t<\/div>\n\t\t\t\t<\/div><\/div><\/div><\/div><\/div><\/div><div id=\"pg-gb4548-69f3d893edf5b-1\"  class=\"panel-grid panel-has-style\" ><div class=\"siteorigin-panels-stretch panel-row-style panel-row-style-for-gb4548-69f3d893edf5b-1\" data-stretch-type=\"full\" ><div id=\"pgc-gb4548-69f3d893edf5b-1-0\"  class=\"panel-grid-cell\" ><div id=\"panel-gb4548-69f3d893edf5b-1-0-0\" class=\"so-panel widget widget_sow-headline panel-first-child\" data-index=\"1\" ><div class=\"panel-widget-style panel-widget-style-for-gb4548-69f3d893edf5b-1-0-0\" ><div\n\t\t\t\n\t\t\tclass=\"so-widget-sow-headline so-widget-sow-headline-default-c6b60caa90f5-4548 so-widget-fittext-wrapper\"\n\t\t\t data-fit-text-compressor=\"0.85\"\n\t\t><div class=\"sow-headline-container \">\n\t\t\t\t\t\t\t<h3 class=\"sow-headline\">\n\t\t\t\t\t\tChi siamo\t\t\t\t\t\t<\/h3>\n\t\t\t\t\t\t\t\t\t\t\t<div class=\"decoration\">\n\t\t\t\t\t\t<div class=\"decoration-inside\"><\/div>\n\t\t\t\t\t<\/div>\n\t\t\t\t\t<\/div>\n<\/div><\/div><\/div><div id=\"panel-gb4548-69f3d893edf5b-1-0-1\" class=\"so-panel widget widget_siteorigin-panels-builder panel-last-child\" data-index=\"2\" ><div id=\"pl-w65ab9ef957d22\"  class=\"panel-layout\" ><div id=\"pg-w65ab9ef957d22-0\"  class=\"panel-grid panel-has-style\" ><div class=\"siteorigin-panels-stretch panel-row-style panel-row-style-for-w65ab9ef957d22-0\" data-stretch-type=\"full\" ><div id=\"pgc-w65ab9ef957d22-0-0\"  class=\"panel-grid-cell panel-grid-cell-empty\" ><\/div><div id=\"pgc-w65ab9ef957d22-0-1\"  class=\"panel-grid-cell\" ><div id=\"panel-w65ab9ef957d22-0-1-0\" class=\"so-panel widget widget_sow-price-table panel-first-child panel-last-child\" data-index=\"0\" ><div class=\"panel-widget-style panel-widget-style-for-w65ab9ef957d22-0-1-0\" ><div\n\t\t\t\n\t\t\tclass=\"so-widget-sow-price-table so-widget-sow-price-table-atom-5bf78e340150\"\n\t\t\t\n\t\t>\n\n<div class=\"ow-pt-columns-atom\">\n\n\t\t\t<div class=\"ow-pt-column ow-pt-first ow-pt-last ow-pt-even\"\n\t\t\tstyle=\"width: 100%\">\n\t\t\t<div class=\"ow-pt-title\">\n\t\t\t\tdon Alessandro Amodeo\t\t\t\t\t\t\t<\/div>\n\n\t\t\t<div class=\"ow-pt-details\">\n\t\t\t\t<div class=\"ow-pt-price\">\n\t\t\t\t\t\t\t\t\t<\/div>\n\t\t\t\t\t\t\t\t<div class=\"ow-pt-per\">Parroco<\/div>\n\t\t\t<\/div>\n\n\t\t\t\n\t\t\t<div class=\"ow-pt-features\">\n\t\t\t\t\t\t\t\t\t<div class=\"ow-pt-feature ow-pt-feature-even ow-pt-feature-index-0\" title=\"\">\n\n\t\t\t\t\t\t\t\t\t\t\t\t<div class=\"sow-feature-text\">\n\t\t\t\t\t\t\t<p>\n\t\t\t\t\t\t\t\t<a href=\"mailto:don.alessandro.amodeo@diocesi.trieste.it\" target=\"_blank\" rel=\"noopener noreferrer\" class=\"betalord_btn betalord_email\"><img decoding=\"async\" class=\"style-svg\" alt=\"alt-text\" src=\"https:\/\/sangiovannidecollato.it\/wp-content\/uploads\/2020\/06\/envelope-solid.svg\" \/><\/a>            <a href=\"tel:040566254\" class=\"betalord_btn betalord_phone\"><img decoding=\"async\" class=\"style-svg\" alt=\"alt-text\" src=\"https:\/\/sangiovannidecollato.it\/wp-content\/uploads\/2020\/06\/phone-solid.svg\" \/><\/a>            <a href=\"https:\/\/goo.gl\/maps\/VEKhkRemfEEqT3ej8\" target=\"_blank\" rel=\"noopener noreferrer\" class=\"betalord_btn betalord_map\"><img decoding=\"async\" class=\"style-svg\" alt=\"alt-text\" src=\"https:\/\/sangiovannidecollato.it\/wp-content\/uploads\/2020\/06\/map-marker-alt-solid.svg\" \/><\/a>\t\t\t\t\t\t\t<\/p>\n\t\t\t\t\t\t<\/div>\n\t\t\t\t\t<\/div>\n\t\t\t\t\t\t\t<\/div>\n\n\t\t\t\t\t<\/div>\n\t\t<\/div>\n<\/div><\/div><\/div><\/div><div id=\"pgc-w65ab9ef957d22-0-2\"  class=\"panel-grid-cell panel-grid-cell-mobile-last\" ><div id=\"panel-w65ab9ef957d22-0-2-0\" class=\"so-panel widget widget_sow-price-table panel-first-child panel-last-child\" data-index=\"1\" ><div class=\"panel-widget-style panel-widget-style-for-w65ab9ef957d22-0-2-0\" ><div\n\t\t\t\n\t\t\tclass=\"so-widget-sow-price-table so-widget-sow-price-table-atom-5bf78e340150\"\n\t\t\t\n\t\t>\n\n<div class=\"ow-pt-columns-atom\">\n\n\t\t\t<div class=\"ow-pt-column ow-pt-first ow-pt-last ow-pt-even\"\n\t\t\tstyle=\"width: 100%\">\n\t\t\t<div class=\"ow-pt-title\">\n\t\t\t\tdon Stefano Vattovani\t\t\t\t\t\t\t<\/div>\n\n\t\t\t<div class=\"ow-pt-details\">\n\t\t\t\t<div class=\"ow-pt-price\">\n\t\t\t\t\t\t\t\t\t<\/div>\n\t\t\t\t\t\t\t\t<div class=\"ow-pt-per\">Vicario parrocchiale<\/div>\n\t\t\t<\/div>\n\n\t\t\t\n\t\t\t<div class=\"ow-pt-features\">\n\t\t\t\t\t\t\t\t\t<div class=\"ow-pt-feature ow-pt-feature-even ow-pt-feature-index-0\" title=\"\">\n\n\t\t\t\t\t\t\t\t\t\t\t\t<div class=\"sow-feature-text\">\n\t\t\t\t\t\t\t<p>\n\t\t\t\t\t\t\t\t<a href=\"mailto:oratorio@sangiovannidecollato.it\" target=\"_blank\" rel=\"noopener noreferrer\" class=\"betalord_btn betalord_email\"><img decoding=\"async\" class=\"style-svg\" alt=\"alt-text\" src=\"https:\/\/sangiovannidecollato.it\/wp-content\/uploads\/2020\/06\/envelope-solid.svg\" \/><\/a>            <a href=\"tel:0409510700\" class=\"betalord_btn betalord_phone\"><img decoding=\"async\" class=\"style-svg\" alt=\"alt-text\" src=\"https:\/\/sangiovannidecollato.it\/wp-content\/uploads\/2020\/06\/phone-solid.svg\" \/><\/a>            <a href=\"https:\/\/goo.gl\/maps\/qjxTi9t9RdLa8R9D6\" target=\"_blank\" rel=\"noopener noreferrer\" class=\"betalord_btn betalord_map\"><img decoding=\"async\" class=\"style-svg\" alt=\"alt-text\" src=\"https:\/\/sangiovannidecollato.it\/wp-content\/uploads\/2020\/06\/map-marker-alt-solid.svg\" \/><\/a>\t\t\t\t\t\t\t<\/p>\n\t\t\t\t\t\t<\/div>\n\t\t\t\t\t<\/div>\n\t\t\t\t\t\t\t<\/div>\n\n\t\t\t\t\t<\/div>\n\t\t<\/div>\n<\/div><\/div><\/div><\/div><div id=\"pgc-w65ab9ef957d22-0-3\"  class=\"panel-grid-cell panel-grid-cell-empty\" ><\/div><\/div><\/div><\/div><\/div><\/div><\/div><\/div><div id=\"pg-gb4548-69f3d893edf5b-2\"  class=\"panel-grid panel-has-style\" ><div class=\"siteorigin-panels-stretch panel-row-style panel-row-style-for-gb4548-69f3d893edf5b-2\" data-stretch-type=\"full-width-stretch\" ><div id=\"pgc-gb4548-69f3d893edf5b-2-0\"  class=\"panel-grid-cell\" ><div id=\"panel-gb4548-69f3d893edf5b-2-0-0\" class=\"so-panel widget widget_sow-hero panel-first-child panel-last-child\" data-index=\"3\" ><div\n\t\t\t\n\t\t\tclass=\"so-widget-sow-hero so-widget-sow-hero-default-372a2a279575-4548 so-widget-fittext-wrapper\"\n\t\t\t data-fit-text-compressor=\"0.85\"\n\t\t>\t\t\t\t<div class=\"sow-slider-base\" style=\"display: none\" tabindex=\"0\">\n\t\t\t\t\t<ul\n\t\t\t\t\tclass=\"sow-slider-images\"\n\t\t\t\t\tdata-settings=\"{&quot;pagination&quot;:true,&quot;speed&quot;:800,&quot;timeout&quot;:5000,&quot;paused&quot;:false,&quot;pause_on_hover&quot;:false,&quot;swipe&quot;:true,&quot;nav_always_show_desktop&quot;:&quot;&quot;,&quot;nav_always_show_mobile&quot;:&quot;&quot;,&quot;breakpoint&quot;:&quot;780px&quot;,&quot;unmute&quot;:false,&quot;anchor&quot;:null}\"\n\t\t\t\t\tstyle=\"min-height: 400px\"\t\t\t\t\tdata-anchor-id=\"\"\n\t\t\t\t>\t\t<li class=\"sow-slider-image  sow-slider-image-cover\" style=\"visibility: visible;;background-color: #333333;background-image: url(https:\/\/sangiovannidecollato.it\/wp-content\/uploads\/2020\/05\/cropped-IMG_20200514_194043-scaled-1.jpg)\" >\n\t\t\t\t\t<div class=\"sow-slider-image-container\">\n\t\t\t<div class=\"sow-slider-image-wrapper\">\n\t\t\t\t\t\t\t<\/div>\n\t\t<\/div>\n\t\t\t\t<\/li>\n\t\t\t\t<li class=\"sow-slider-image  sow-slider-image-cover\" style=\"visibility: hidden;;background-color: #333333\" data-background=\"url(https:\/\/sangiovannidecollato.it\/wp-content\/uploads\/2020\/05\/IMG_20200513_193440-scaled.jpg)\" >\n\t\t\t\t\t<div class=\"sow-slider-image-container\">\n\t\t\t<div class=\"sow-slider-image-wrapper\">\n\t\t\t\t\t\t\t<\/div>\n\t\t<\/div>\n\t\t\t\t<\/li>\n\t\t\t\t<li class=\"sow-slider-image  sow-slider-image-cover\" style=\"visibility: hidden;;background-color: #333333\" data-background=\"url(https:\/\/sangiovannidecollato.it\/wp-content\/uploads\/2020\/05\/cropped-IMG_20200520_195438-scaled-2.jpg)\" >\n\t\t\t\t\t<div class=\"sow-slider-image-container\">\n\t\t\t<div class=\"sow-slider-image-wrapper\">\n\t\t\t\t\t\t\t<\/div>\n\t\t<\/div>\n\t\t\t\t<\/li>\n\t\t\t\t<li class=\"sow-slider-image  sow-slider-image-cover\" style=\"visibility: hidden;;background-color: #333333\" data-background=\"url(https:\/\/sangiovannidecollato.it\/wp-content\/uploads\/2023\/03\/1678535903216-scaled.jpg)\" >\n\t\t\t\t\t<div class=\"sow-slider-image-container\">\n\t\t\t<div class=\"sow-slider-image-wrapper\">\n\t\t\t\t\t\t\t<\/div>\n\t\t<\/div>\n\t\t\t\t<\/li>\n\t\t\t\t<li class=\"sow-slider-image  sow-slider-image-cover\" style=\"visibility: hidden;;background-color: #333333\" data-background=\"url(https:\/\/sangiovannidecollato.it\/wp-content\/uploads\/2023\/03\/1678537527856-e1678538183407.jpg)\" >\n\t\t\t\t\t<div class=\"sow-slider-image-container\">\n\t\t\t<div class=\"sow-slider-image-wrapper\">\n\t\t\t\t\t\t\t<\/div>\n\t\t<\/div>\n\t\t\t\t<\/li>\n\t\t<\/ul>\t\t\t\t<ol class=\"sow-slider-pagination\">\n\t\t\t\t\t\t\t\t\t\t\t<li><a href=\"#\" data-goto=\"0\" aria-label=\"Display slide 1\"><\/a><\/li>\n\t\t\t\t\t\t\t\t\t\t\t<li><a href=\"#\" data-goto=\"1\" aria-label=\"Display slide 2\"><\/a><\/li>\n\t\t\t\t\t\t\t\t\t\t\t<li><a href=\"#\" data-goto=\"2\" aria-label=\"Display slide 3\"><\/a><\/li>\n\t\t\t\t\t\t\t\t\t\t\t<li><a href=\"#\" data-goto=\"3\" aria-label=\"Display slide 4\"><\/a><\/li>\n\t\t\t\t\t\t\t\t\t\t\t<li><a href=\"#\" data-goto=\"4\" aria-label=\"Display slide 5\"><\/a><\/li>\n\t\t\t\t\t\t\t\t\t<\/ol>\n\n\t\t\t\t<div class=\"sow-slide-nav sow-slide-nav-next\">\n\t\t\t\t\t<a href=\"#\" data-goto=\"next\" aria-label=\"Next slide\" data-action=\"next\">\n\t\t\t\t\t\t<em class=\"sow-sld-icon-thin-right\"><\/em>\n\t\t\t\t\t<\/a>\n\t\t\t\t<\/div>\n\n\t\t\t\t<div class=\"sow-slide-nav sow-slide-nav-prev\">\n\t\t\t\t\t<a href=\"#\" data-goto=\"previous\" aria-label=\"Previous slide\" data-action=\"prev\">\n\t\t\t\t\t\t<em class=\"sow-sld-icon-thin-left\"><\/em>\n\t\t\t\t\t<\/a>\n\t\t\t\t<\/div>\n\t\t\t\t<\/div><\/div><\/div><\/div><\/div><\/div><\/div>\n\n\n<p><\/p>\n","protected":false},"excerpt":{"rendered":"","protected":false},"author":1,"featured_media":0,"parent":0,"menu_order":0,"comment_status":"closed","ping_status":"closed","template":"","meta":{"inline_featured_image":false,"_monsterinsights_skip_tracking":false,"_monsterinsights_sitenote_active":false,"_monsterinsights_sitenote_note":"","_monsterinsights_sitenote_category":0,"footnotes":""},"class_list":["post-4548","page","type-page","status-publish","hentry","post"],"_links":{"self":[{"href":"https:\/\/sangiovannidecollato.it\/index.php\/wp-json\/wp\/v2\/pages\/4548","targetHints":{"allow":["GET"]}}],"collection":[{"href":"https:\/\/sangiovannidecollato.it\/index.php\/wp-json\/wp\/v2\/pages"}],"about":[{"href":"https:\/\/sangiovannidecollato.it\/index.php\/wp-json\/wp\/v2\/types\/page"}],"author":[{"embeddable":true,"href":"https:\/\/sangiovannidecollato.it\/index.php\/wp-json\/wp\/v2\/users\/1"}],"replies":[{"embeddable":true,"href":"https:\/\/sangiovannidecollato.it\/index.php\/wp-json\/wp\/v2\/comments?post=4548"}],"version-history":[{"count":196,"href":"https:\/\/sangiovannidecollato.it\/index.php\/wp-json\/wp\/v2\/pages\/4548\/revisions"}],"predecessor-version":[{"id":7408,"href":"https:\/\/sangiovannidecollato.it\/index.php\/wp-json\/wp\/v2\/pages\/4548\/revisions\/7408"}],"wp:attachment":[{"href":"https:\/\/sangiovannidecollato.it\/index.php\/wp-json\/wp\/v2\/media?parent=4548"}],"curies":[{"name":"wp","href":"https:\/\/api.w.org\/{rel}","templated":true}]}}