{"id":5636,"date":"2020-06-22T22:15:38","date_gmt":"2020-06-22T20:15:38","guid":{"rendered":"https:\/\/sangiovannidecollato.it\/?page_id=5636"},"modified":"2024-06-11T16:27:17","modified_gmt":"2024-06-11T14:27:17","slug":"ac","status":"publish","type":"page","link":"https:\/\/sangiovannidecollato.it\/index.php\/ac\/","title":{"rendered":"Azione cattolica"},"content":{"rendered":"<div id=\"pl-5636\"  class=\"panel-layout\" ><div id=\"pg-5636-0\"  class=\"panel-grid panel-has-style\" ><div class=\"siteorigin-panels-stretch panel-row-style panel-row-style-for-5636-0\" data-stretch-type=\"full-width-stretch\" ><div id=\"pgc-5636-0-0\"  class=\"panel-grid-cell\" ><div id=\"panel-5636-0-0-0\" class=\"so-panel widget widget_sow-hero panel-first-child panel-last-child\" data-index=\"0\" ><div\n\t\t\t\n\t\t\tclass=\"so-widget-sow-hero so-widget-sow-hero-default-8bc3026a3de2-5636 so-widget-fittext-wrapper\"\n\t\t\t data-fit-text-compressor=\"0.75\"\n\t\t>\t\t\t\t<div class=\"sow-slider-base\" style=\"display: none\" tabindex=\"0\">\n\t\t\t\t\t<ul\n\t\t\t\t\tclass=\"sow-slider-images\"\n\t\t\t\t\tdata-settings=\"{&quot;pagination&quot;:true,&quot;speed&quot;:800,&quot;timeout&quot;:8000,&quot;paused&quot;:false,&quot;pause_on_hover&quot;:false,&quot;swipe&quot;:false,&quot;nav_always_show_desktop&quot;:&quot;&quot;,&quot;nav_always_show_mobile&quot;:&quot;&quot;,&quot;breakpoint&quot;:&quot;780px&quot;,&quot;unmute&quot;:false,&quot;anchor&quot;:null}\"\n\t\t\t\t\tstyle=\"min-height: 500px\"\t\t\t\t\tdata-anchor-id=\"\"\n\t\t\t\t>\t\t<li class=\"sow-slider-image  sow-slider-image-cover\" style=\"visibility: visible;;background-color: #000000\" >\n\t\t\t\t\t<div class=\"sow-slider-image-container\">\n\t\t\t<div class=\"sow-slider-image-wrapper\">\n\t\t\t\t<h2 style=\"text-align: center\">ORATORIO PIO XII<\/h2>\n<h5 style=\"text-align: center\">ORATORIO DI SAN GIOVANNI<\/h5>\n\t\t\t<\/div>\n\t\t<\/div>\n\t\t<div class=\"sow-slider-image-overlay sow-slider-image-cover\" style=\"opacity: 0.35;background-image: url(https:\/\/sangiovannidecollato.it\/wp-content\/uploads\/2022\/11\/WhatsApp-Image-2022-10-26-at-17.45.16.jpeg)\"  ><\/div>\t\t<\/li>\n\t\t<\/ul>\t\t\t\t<ol class=\"sow-slider-pagination\">\n\t\t\t\t\t\t\t\t\t\t\t<li><a href=\"#\" data-goto=\"0\" aria-label=\"Display slide 1\"><\/a><\/li>\n\t\t\t\t\t\t\t\t\t<\/ol>\n\n\t\t\t\t<div class=\"sow-slide-nav sow-slide-nav-next\">\n\t\t\t\t\t<a href=\"#\" data-goto=\"next\" aria-label=\"Next slide\" data-action=\"next\">\n\t\t\t\t\t\t<em class=\"sow-sld-icon-thin-right\"><\/em>\n\t\t\t\t\t<\/a>\n\t\t\t\t<\/div>\n\n\t\t\t\t<div class=\"sow-slide-nav sow-slide-nav-prev\">\n\t\t\t\t\t<a href=\"#\" data-goto=\"previous\" aria-label=\"Previous slide\" data-action=\"prev\">\n\t\t\t\t\t\t<em class=\"sow-sld-icon-thin-left\"><\/em>\n\t\t\t\t\t<\/a>\n\t\t\t\t<\/div>\n\t\t\t\t<\/div><\/div><\/div><\/div><\/div><\/div><div id=\"pg-5636-1\"  class=\"panel-grid panel-has-style\" ><div class=\"siteorigin-panels-stretch panel-row-style panel-row-style-for-5636-1\" data-stretch-type=\"full\" ><div id=\"pgc-5636-1-0\"  class=\"panel-grid-cell\" ><div id=\"panel-5636-1-0-0\" class=\"so-panel widget widget_sow-headline panel-first-child\" data-index=\"1\" ><div class=\"panel-widget-style panel-widget-style-for-5636-1-0-0\" ><div\n\t\t\t\n\t\t\tclass=\"so-widget-sow-headline so-widget-sow-headline-default-3a4a066ccdd1-5636 so-widget-fittext-wrapper\"\n\t\t\t data-fit-text-compressor=\"0.85\"\n\t\t><div class=\"sow-headline-container \">\n\t\t\t\t\t\t\t<h1 class=\"sow-headline\">\n\t\t\t\t\t\tAZIONE CATTOLICA A SAN GIOVANNI\t\t\t\t\t\t<\/h1>\n\t\t\t\t\t\t<\/div>\n<\/div><\/div><\/div><div id=\"panel-5636-1-0-1\" class=\"so-panel widget widget_sow-image panel-last-child\" data-index=\"2\" ><div\n\t\t\t\n\t\t\tclass=\"so-widget-sow-image so-widget-sow-image-default-8b5b6f678277-5636\"\n\t\t\t\n\t\t>\n<div class=\"sow-image-container\">\n\t\t<img \n\tsrc=\"https:\/\/sangiovannidecollato.it\/wp-content\/uploads\/2020\/06\/2020-AC-Vescovo.jpg\" width=\"1600\" height=\"777\" srcset=\"https:\/\/sangiovannidecollato.it\/wp-content\/uploads\/2020\/06\/2020-AC-Vescovo.jpg 1600w, https:\/\/sangiovannidecollato.it\/wp-content\/uploads\/2020\/06\/2020-AC-Vescovo-300x146.jpg 300w, https:\/\/sangiovannidecollato.it\/wp-content\/uploads\/2020\/06\/2020-AC-Vescovo-1024x497.jpg 1024w, https:\/\/sangiovannidecollato.it\/wp-content\/uploads\/2020\/06\/2020-AC-Vescovo-768x373.jpg 768w, https:\/\/sangiovannidecollato.it\/wp-content\/uploads\/2020\/06\/2020-AC-Vescovo-1536x746.jpg 1536w\" sizes=\"(max-width: 1600px) 100vw, 1600px\" title=\"[2020] AC-Vescovo\" alt=\"\" \t\tclass=\"so-widget-image\"\/>\n\t<\/div>\n\n<\/div><\/div><\/div><\/div><\/div><div id=\"pg-5636-2\"  class=\"panel-grid panel-no-style\" ><div id=\"pgc-5636-2-0\"  class=\"panel-grid-cell\" ><div id=\"panel-5636-2-0-0\" class=\"so-panel widget widget_sow-editor panel-first-child panel-last-child\" data-index=\"3\" ><div\n\t\t\t\n\t\t\tclass=\"so-widget-sow-editor so-widget-sow-editor-base\"\n\t\t\t\n\t\t>\n<div class=\"siteorigin-widget-tinymce textwidget\">\n\t<h2>LA PROPOSTA EDUCATIVA<\/h2>\n<blockquote>\n<p>Se esiste un Dio, questo deve avere a che fare con la mia vita, con i miei desideri, le mie emozioni, i pensieri, i miei sogni, le relazioni che vivo, sul mio modo di vivere l'affettivit\u00e0. Inoltre deve essere possibile imparare a conoscerlo sempre meglio<\/p>\n<\/blockquote>\n<p>Questo pensiero forse \u00e8 la sintesi che da anni ci spinge a portare avanti la proposta educativa dell'Azione Cattolica qui in parrocchia. Siamo un gruppo di laici che, conosciuta la Buona Notizia di Ges\u00f9 e camminando assieme, credono che l'accompagnamento delle storie e dei volti, la cura delle relazioni, l'ascolto delle grandi domande che popolano le persone in ogni stagione della vita siano il modo privilegiato per far conoscere il Signore in maniera graduale ma efficace. Con un tocco di spiritualit\u00e0 ignaziana, la grande sfida \u00e8 capire come amare e far amare il Signore e la Chiesa, imparando a prendersene cura ognuno con sapienza. La cosa bella dell'AC \u00e8 la grande capacit\u00e0 di saper far rete e mettere in rete persone grazie ad una struttura diocesana e nazionale che, assieme alla stima dei Vescovi di tutta Italia, propone un percorso strutturato e, soprattutto, offre un luogo in cui chiedere aiuto e avere supporto se necessario.<br \/>\nSe hai piacere chiedi di noi, potremmo camminare assieme \ud83d\ude09<\/p>\n<h2>I QUATTRO PILASTRI<\/h2>\n<p>Quattro sono gli aspetti chiave che cerchiamo di curare, seguendo quanto proposto nel Progetto Formativo: l'interiorit\u00e0, la fraternit\u00e0, la responsabilit\u00e0 e l'ecclesialit\u00e0.<\/p>\n<h2>LA NOSTRA FESTA<\/h2>\n<p>L\u20198 dicembre, solennit\u00e0 dell\u2019Immacolata Concezione di Maria, avendo lei come riferimento, le AC di tutte le parrocchie d'Italia celebrano la Festa dell\u2019Adesione: momento per rinnovare il nostro SI nel voler camminare insieme nella conoscenza del Signore. Per la partecipazione ai gruppi, dalle superiori in su, non \u00e8 obbligatorio aderire in quanto siamo convinti che una proposta debba essere conosciuta e sperimentata prima di scegliere di farla propria.<\/p>\n<h2>IL CONSIGLIO PARROCCHIALE<\/h2>\n<p>Ogni tre anni vengono votati dagli aderenti i membri che formano il consiglio parrocchiale:<\/p>\n<ul>\n<li>Presidente: Simone Deidda<\/li>\n<li>Consiglieri:\n<ul>\n<li>ACR: Riccardo Medori<\/li>\n<li>Settore Giovani: Pietro Vinoni, Sara Pernice e Sara Ioan<\/li>\n<li>Settore Adulti: Marco Parisi e Lorenzo Caenazzo<\/li>\n<li>Assistente ACR e SG: don Stefano Vattovani<\/li>\n<li>Assistente SA e unitario: don Alessandro Amodeo<\/li>\n<\/ul>\n<\/li>\n<\/ul>\n<h2>CHE COS'\u00c8 L'AZIONE CATTOLICA?<\/h2>\n<blockquote>\n<p>Ne abbiamo parlato molto, ma mi pare che sia soprattutto una realt\u00e0 di cristiani che si conoscono, che si vogliono bene, che lavorano assieme nel nome del Signore, che sono amici: \u00e8 questa rete di uomini e donne che lavorano in tutte le diocesi, e di giovani, e di adulti, e di ragazzi e di fanciulli, che in tutta la Chiesa italiana, con concordia, con uno spirito comune, senza troppe ormai sovrastrutture organizzative, ma veramente essendo sempre pi\u00f9 un cuor solo e un'anima sola, cercano di servire la Chiesa. E questa \u00e8 la grande cosa. Perch\u00e9 noi serviamo l'AC non poi perch\u00e9 ci interessa di fare grande l'AC; noi serviamo l'AC perch\u00e9 ci interessa di rendere nella Chiesa il servizio che ci \u00e8 chiesto per tutti i fratelli. (Vittorio Bachelet)<\/p>\n<\/blockquote>\n<\/div>\n<\/div><\/div><\/div><\/div><div id=\"pg-5636-3\"  class=\"panel-grid panel-has-style\" ><div class=\"siteorigin-panels-stretch panel-row-style panel-row-style-for-5636-3\" data-stretch-type=\"full-width-stretch\" ><div id=\"pgc-5636-3-0\"  class=\"panel-grid-cell\" ><div id=\"panel-5636-3-0-0\" class=\"so-panel widget widget_sow-hero panel-first-child panel-last-child\" data-index=\"4\" ><div\n\t\t\t\n\t\t\tclass=\"so-widget-sow-hero so-widget-sow-hero-default-a6d27bc3f387-5636 so-widget-fittext-wrapper\"\n\t\t\t data-fit-text-compressor=\"0.85\"\n\t\t>\t\t\t\t<div class=\"sow-slider-base\" style=\"display: none\" tabindex=\"0\">\n\t\t\t\t\t<ul\n\t\t\t\t\tclass=\"sow-slider-images\"\n\t\t\t\t\tdata-settings=\"{&quot;pagination&quot;:true,&quot;speed&quot;:800,&quot;timeout&quot;:8000,&quot;paused&quot;:false,&quot;pause_on_hover&quot;:false,&quot;swipe&quot;:true,&quot;nav_always_show_desktop&quot;:&quot;&quot;,&quot;nav_always_show_mobile&quot;:&quot;&quot;,&quot;breakpoint&quot;:&quot;780px&quot;,&quot;unmute&quot;:false,&quot;anchor&quot;:null}\"\n\t\t\t\t\tstyle=\"min-height: 550px\"\t\t\t\t\tdata-anchor-id=\"\"\n\t\t\t\t>\t\t<li class=\"sow-slider-image  sow-slider-image-cover\" style=\"visibility: visible;;background-color: #000000\" >\n\t\t\t\t\t<div class=\"sow-slider-image-container\">\n\t\t\t<div class=\"sow-slider-image-wrapper\">\n\t\t\t\t<h2 style=\"text-align: left;font-weight: 600\">CONTATTI<\/h2>\n<p>Mail parrocchiale: <a href=\"mailto:ac.sangio.ts@gmail.com\" target=\"_blank\" rel=\"noopener\">ac.sangio.ts@gmail.com<\/a><br \/>\nSito AC Nazionale:\u00a0<a href=\"https:\/\/azionecattolica.it\/\" target=\"_blank\" rel=\"noopener\" data-saferedirecturl=\"https:\/\/www.google.com\/url?q=https:\/\/azionecattolica.it\/&amp;source=gmail&amp;ust=1592942353158000&amp;usg=AFQjCNGPayYBFKCcvwQRGYK53onhoxTIsw\">https:\/\/azionecattolica.it\/<\/a><br \/>\nSito AC Trieste:\u00a0<a href=\"https:\/\/www.azionecattolica.trieste.it\/\" target=\"_blank\" rel=\"noopener\" data-saferedirecturl=\"https:\/\/www.google.com\/url?q=https:\/\/www.azionecattolica.trieste.it\/&amp;source=gmail&amp;ust=1592942353158000&amp;usg=AFQjCNHtm1nEShZZmX_XCpHeEp4kB39Xeg\">https:\/\/www.azionecattolica.<wbr \/>trieste.it\/<\/a><br \/>\nPagina Facebook AC Trieste:\u00a0<a href=\"https:\/\/www.facebook.com\/ACtrieste\/\" target=\"_blank\" rel=\"noopener\" data-saferedirecturl=\"https:\/\/www.google.com\/url?q=https:\/\/www.facebook.com\/ACtrieste\/&amp;source=gmail&amp;ust=1592942353158000&amp;usg=AFQjCNHWILCRi7Mmon6dNuKbIt0qhxtpwA\">https:\/\/www.facebook.com\/<wbr \/>ACtrieste\/<\/a><br \/>\nPagina Instagram AC Trieste:\u00a0<a href=\"https:\/\/www.instagram.com\/azionecattolicatrieste\/\" target=\"_blank\" rel=\"noopener\" data-saferedirecturl=\"https:\/\/www.google.com\/url?q=https:\/\/www.instagram.com\/azionecattolicatrieste\/&amp;source=gmail&amp;ust=1592942353159000&amp;usg=AFQjCNFU8EtxDRasMkZKeehrUu-8hNX8BQ\">https:\/\/www.instagram.com\/<wbr \/>azionecattolicatrieste\/<\/a><\/p>\n\t\t\t<\/div>\n\t\t<\/div>\n\t\t<div class=\"sow-slider-image-overlay sow-slider-image-cover\" style=\"opacity: 0.2;background-image: url(https:\/\/sangiovannidecollato.it\/wp-content\/uploads\/2020\/06\/logo-AC-TS.png)\"  ><\/div>\t\t<\/li>\n\t\t<\/ul>\t\t\t\t<ol class=\"sow-slider-pagination\">\n\t\t\t\t\t\t\t\t\t\t\t<li><a href=\"#\" data-goto=\"0\" aria-label=\"Display slide 1\"><\/a><\/li>\n\t\t\t\t\t\t\t\t\t<\/ol>\n\n\t\t\t\t<div class=\"sow-slide-nav sow-slide-nav-next\">\n\t\t\t\t\t<a href=\"#\" data-goto=\"next\" aria-label=\"Next slide\" data-action=\"next\">\n\t\t\t\t\t\t<em class=\"sow-sld-icon-thin-right\"><\/em>\n\t\t\t\t\t<\/a>\n\t\t\t\t<\/div>\n\n\t\t\t\t<div class=\"sow-slide-nav sow-slide-nav-prev\">\n\t\t\t\t\t<a href=\"#\" data-goto=\"previous\" aria-label=\"Previous slide\" data-action=\"prev\">\n\t\t\t\t\t\t<em class=\"sow-sld-icon-thin-left\"><\/em>\n\t\t\t\t\t<\/a>\n\t\t\t\t<\/div>\n\t\t\t\t<\/div><\/div><\/div><\/div><\/div><\/div><\/div>","protected":false},"excerpt":{"rendered":"<p>ORATORIO PIO XII ORATORIO DI SAN GIOVANNI AZIONE CATTOLICA A SAN GIOVANNI LA PROPOSTA EDUCATIVA Se esiste un Dio, questo deve avere a che fare con la mia vita, con i miei desideri, le mie emozioni, i pensieri, i miei sogni, le relazioni che vivo, sul mio modo di vivere l&#8217;affettivit\u00e0. Inoltre deve essere possibile [&hellip;]<\/p>\n","protected":false},"author":2,"featured_media":0,"parent":0,"menu_order":1,"comment_status":"closed","ping_status":"closed","template":"","meta":{"inline_featured_image":false,"_monsterinsights_skip_tracking":false,"_monsterinsights_sitenote_active":false,"_monsterinsights_sitenote_note":"","_monsterinsights_sitenote_category":0,"footnotes":""},"class_list":["post-5636","page","type-page","status-publish","hentry","post"],"_links":{"self":[{"href":"https:\/\/sangiovannidecollato.it\/index.php\/wp-json\/wp\/v2\/pages\/5636","targetHints":{"allow":["GET"]}}],"collection":[{"href":"https:\/\/sangiovannidecollato.it\/index.php\/wp-json\/wp\/v2\/pages"}],"about":[{"href":"https:\/\/sangiovannidecollato.it\/index.php\/wp-json\/wp\/v2\/types\/page"}],"author":[{"embeddable":true,"href":"https:\/\/sangiovannidecollato.it\/index.php\/wp-json\/wp\/v2\/users\/2"}],"replies":[{"embeddable":true,"href":"https:\/\/sangiovannidecollato.it\/index.php\/wp-json\/wp\/v2\/comments?post=5636"}],"version-history":[{"count":30,"href":"https:\/\/sangiovannidecollato.it\/index.php\/wp-json\/wp\/v2\/pages\/5636\/revisions"}],"predecessor-version":[{"id":7543,"href":"https:\/\/sangiovannidecollato.it\/index.php\/wp-json\/wp\/v2\/pages\/5636\/revisions\/7543"}],"wp:attachment":[{"href":"https:\/\/sangiovannidecollato.it\/index.php\/wp-json\/wp\/v2\/media?parent=5636"}],"curies":[{"name":"wp","href":"https:\/\/api.w.org\/{rel}","templated":true}]}}